

{"id":1297,"date":"2024-09-12T10:03:23","date_gmt":"2024-09-12T08:03:23","guid":{"rendered":"https:\/\/clarasoteras.com\/legal-notice\/"},"modified":"2024-09-19T11:09:59","modified_gmt":"2024-09-19T09:09:59","slug":"legal-notice","status":"publish","type":"page","link":"https:\/\/clarasoteras.com\/en\/legal-notice\/","title":{"rendered":"Legal notice"},"content":{"rendered":"\t\t<div data-elementor-type=\"wp-page\" data-elementor-id=\"1297\" class=\"elementor elementor-1297 elementor-1263\" data-elementor-post-type=\"page\">\n\t\t\t\t<div class=\"elementor-element elementor-element-6683c2bf e-flex e-con-boxed e-con e-parent\" data-id=\"6683c2bf\" data-element_type=\"container\" data-e-type=\"container\" data-settings=\"{&quot;jet_parallax_layout_list&quot;:[]}\">\n\t\t\t\t\t<div class=\"e-con-inner\">\n\t\t\t\t<div class=\"elementor-element elementor-element-149a397b elementor-widget elementor-widget-text-editor\" data-id=\"149a397b\" data-element_type=\"widget\" data-e-type=\"widget\" data-widget_type=\"text-editor.default\">\n\t\t\t\t<div class=\"elementor-widget-container\">\n\t\t\t\t\t\t\t\t\t<p><strong><span style=\"text-decoration: underline;\">www.clarasoteras.com<\/span><\/strong><\/p>\n<p>This website www.clarasoteras.com is property of Clara Soteras Acosta, with ID number 77624097V, domiciled at Calle Gran, 78, 08310 &#8211; Argentona (Barcelona), and with e-mail hola@clarasoteras.com (hereinafter THE OWNER) states certain informative content about its activities is available on its website www.clarasoteras.com. These general conditions govern solely and exclusively the use of THE OWNER&#8217;S website by the USERS who access it. These general conditions are exposed to the USER on the website www.clarasoteras.com on each and every page, so that they can read, print, archive and accept them via the Internet and be fully informed.<\/p>\n<p>Access to THE OWNER&#8217;s website implies unreserved acceptance of these general conditions of use, which the USER claims to understand in their entirety. The USER undertakes not to use the website and the services offered therein to carry out activities contrary to the law and to respect these general conditions at all times.<\/p>\n<h2>First &#8211; Conditions of access and use<\/h2>\n<p>1.1.- The use of THE OWNER&#8217;s website does not entail mandatory registration for the USER. The conditions of access and use of this website are strictly governed by current legislation and by the principle of good faith, with the USER committing to make good use of the website. All acts that violate the law, rights or interests of third parties are prohibited: right to privacy, data protection, intellectual property, etc. THE OWNER expressly prohibits the following:<\/p>\n<p>1.1.1.- Carry out actions that may cause any type of damage to the systems of THE OWNER or third parties on the website or through it by any means.<\/p>\n<p>1.1.2.- Carry out without proper authorization any type of advertising or commercial information directly or covertly, sending mass emails (\u201cspaming\u201d) or sending large messages in order to block network servers (\u201cmail bombing\u201d).<\/p>\n<p>1.2.- THE OWNER may interrupt access to its website at any time if it detects use contrary to legality, good faith or these general conditions &#8211; see fifth clause.<\/p>\n<h2>Second &#8211; Contents<\/h2>\n<p>The content incorporated into this website has been prepared and included by:<\/p>\n<p>2.1.- THE OWNER using internal and external sources in such a way that THE OWNER is only responsible for the content prepared internally.<\/p>\n<p>2.2.- THE OWNER reserves the right to modify the existing content on its website at any time. THE OWNER does not guarantee nor is responsible for the correct functioning of the links to third-party websites that appear on www.clarasoteras.com. Additionally, through the OWNER&#8217;S website, free and paid services offered by outside third parties are made available to the user and will be governed by the particular conditions of each of them. THE OWNER does not guarantee the veracity, accuracy or timeliness of the content and services offered by third parties and is expressly exempt from all types of liability for damages that may arise from the lack of accuracy of these contents and services.<\/p>\n<h2>Third &#8211; Responsibility<\/h2>\n<p>3.1.- THE OWNER will in no case be responsible for:<\/p>\n<p>3.1.1.- Failures and incidents that may occur in communications, deletion or incomplete transmissions so that it is not guaranteed that the website services are constantly operational.<\/p>\n<p>3.1.2.- From the production of any type of damage that USERS or third parties could cause on the website.<\/p>\n<p>3.1.3.- The reliability and veracity of the information entered by third parties on the website, either directly or through links. The owner will collaborate and notify the competent authority of these incidents as soon as he has reliable knowledge that the damage caused constitutes any type of illegal activity.<\/p>\n<p>3.2.- THE OWNER reserves the right to suspend access without prior notice at its discretion and on a permanent or temporary basis until effective responsibility for any damages that may occur is assured. Likewise, THE OWNER will collaborate and notify the competent authority of these incidents the moment they have reliable knowledge that the damages caused constitute any type of illegal activity.<\/p>\n<h2>Fourth &#8211; Copyright and trademark<\/h2>\n<p>The website of THE OWNER &#8211; its own content, programming and design of the website &#8211; is fully protected by copyright, and all reproduction, communication, distribution and transformation of the aforementioned protected elements is expressly prohibited without the express consent of THE OWNER. The graphic and written materials sent by users through the means made available on the website are the property of the user who, by sending them, affirms his legitimate authorship and transfers the rights of reproduction and distribution to the OWNER.<\/p>\n<h2>Fifth &#8211; Jurisdiction and applicable law<\/h2>\n<p>These general conditions are governed by Spanish legislation. They are competent to resolve any controversy or conflict arising from these general conditions, with the USER expressly waiving any other jurisdiction that may apply.<\/p>\n<h2>Sixth<\/h2>\n<p>In the event that any clause of this document is declared void, the other clauses will remain in force and will be interpreted taking into account the will of the parties and the very purpose of these conditions. THE OWNER may not exercise any of the rights and powers conferred in this document, which will not imply in any case the waiver thereof unless expressly recognized by THE OWNER.<\/p>\n\t\t\t\t\t\t\t\t<\/div>\n\t\t\t\t<\/div>\n\t\t\t\t\t<\/div>\n\t\t\t\t<\/div>\n\t\t\t\t<\/div>\n\t\t","protected":false},"excerpt":{"rendered":"<p>www.clarasoteras.com This website www.clarasoteras.com is property of Clara Soteras Acosta, with ID number 77624097V, domiciled at Calle Gran, 78, 08310 &#8211; Argentona (Barcelona), and with e-mail hola@clarasoteras.com (hereinafter THE OWNER) states certain informative content about its activities is available on its website www.clarasoteras.com. These general conditions govern solely and exclusively the use of THE OWNER&#8217;S [&hellip;]<\/p>\n","protected":false},"author":1,"featured_media":0,"parent":0,"menu_order":0,"comment_status":"closed","ping_status":"closed","template":"","meta":{"footnotes":""},"class_list":["post-1297","page","type-page","status-publish","hentry"],"yoast_head":"<!-- This site is optimized with the Yoast SEO plugin v27.4 - https:\/\/yoast.com\/product\/yoast-seo-wordpress\/ -->\n<title>Legal notice - Clara Soteras<\/title>\n<meta name=\"robots\" content=\"noindex, nofollow\" \/>\n<meta property=\"og:locale\" content=\"en_US\" \/>\n<meta property=\"og:type\" content=\"article\" \/>\n<meta property=\"og:title\" content=\"Legal notice - Clara Soteras\" \/>\n<meta property=\"og:description\" content=\"www.clarasoteras.com This website www.clarasoteras.com is property of Clara Soteras Acosta, with ID number 77624097V, domiciled at Calle Gran, 78, 08310 &#8211; Argentona (Barcelona), and with e-mail hola@clarasoteras.com (hereinafter THE OWNER) states certain informative content about its activities is available on its website www.clarasoteras.com. These general conditions govern solely and exclusively the use of THE OWNER&#8217;S [&hellip;]\" \/>\n<meta property=\"og:url\" content=\"https:\/\/clarasoteras.com\/en\/legal-notice\/\" \/>\n<meta property=\"og:site_name\" content=\"Clara Soteras\" \/>\n<meta property=\"article:modified_time\" content=\"2024-09-19T09:09:59+00:00\" \/>\n<meta property=\"og:image\" content=\"https:\/\/clarasoteras.com\/wp-content\/uploads\/2024\/09\/imagen-logo-clara-1200.jpg\" \/>\n\t<meta property=\"og:image:width\" content=\"1200\" \/>\n\t<meta property=\"og:image:height\" content=\"675\" \/>\n\t<meta property=\"og:image:type\" content=\"image\/jpeg\" \/>\n<meta name=\"twitter:card\" content=\"summary_large_image\" \/>\n<meta name=\"twitter:site\" content=\"@ClaraSoteras\" \/>\n<meta name=\"twitter:label1\" content=\"Est. reading time\" \/>\n\t<meta name=\"twitter:data1\" content=\"4 minutes\" \/>\n<script type=\"application\/ld+json\" class=\"yoast-schema-graph\">{\"@context\":\"https:\\\/\\\/schema.org\",\"@graph\":[{\"@type\":\"WebPage\",\"@id\":\"https:\\\/\\\/clarasoteras.com\\\/en\\\/legal-notice\\\/\",\"url\":\"https:\\\/\\\/clarasoteras.com\\\/en\\\/legal-notice\\\/\",\"name\":\"Legal notice - Clara Soteras\",\"isPartOf\":{\"@id\":\"https:\\\/\\\/clarasoteras.com\\\/en\\\/#website\"},\"datePublished\":\"2024-09-12T08:03:23+00:00\",\"dateModified\":\"2024-09-19T09:09:59+00:00\",\"breadcrumb\":{\"@id\":\"https:\\\/\\\/clarasoteras.com\\\/en\\\/legal-notice\\\/#breadcrumb\"},\"inLanguage\":\"en-US\",\"potentialAction\":[{\"@type\":\"ReadAction\",\"target\":[\"https:\\\/\\\/clarasoteras.com\\\/en\\\/legal-notice\\\/\"]}]},{\"@type\":\"BreadcrumbList\",\"@id\":\"https:\\\/\\\/clarasoteras.com\\\/en\\\/legal-notice\\\/#breadcrumb\",\"itemListElement\":[{\"@type\":\"ListItem\",\"position\":1,\"name\":\"Home\",\"item\":\"https:\\\/\\\/clarasoteras.com\\\/en\\\/\"},{\"@type\":\"ListItem\",\"position\":2,\"name\":\"Legal notice\"}]},{\"@type\":\"WebSite\",\"@id\":\"https:\\\/\\\/clarasoteras.com\\\/en\\\/#website\",\"url\":\"https:\\\/\\\/clarasoteras.com\\\/en\\\/\",\"name\":\"Clara Soteras\",\"description\":\"SEO, medios y periodismo digital\",\"publisher\":{\"@id\":\"https:\\\/\\\/clarasoteras.com\\\/en\\\/#\\\/schema\\\/person\\\/df3839c4a530026845115cc05ffa1f85\"},\"potentialAction\":[{\"@type\":\"SearchAction\",\"target\":{\"@type\":\"EntryPoint\",\"urlTemplate\":\"https:\\\/\\\/clarasoteras.com\\\/en\\\/?s={search_term_string}\"},\"query-input\":{\"@type\":\"PropertyValueSpecification\",\"valueRequired\":true,\"valueName\":\"search_term_string\"}}],\"inLanguage\":\"en-US\"},{\"@type\":[\"Person\",\"Organization\"],\"@id\":\"https:\\\/\\\/clarasoteras.com\\\/en\\\/#\\\/schema\\\/person\\\/df3839c4a530026845115cc05ffa1f85\",\"name\":\"Clara Soteras\",\"image\":{\"@type\":\"ImageObject\",\"inLanguage\":\"en-US\",\"@id\":\"https:\\\/\\\/clarasoteras.com\\\/wp-content\\\/uploads\\\/2024\\\/08\\\/favicon.png\",\"url\":\"https:\\\/\\\/clarasoteras.com\\\/wp-content\\\/uploads\\\/2024\\\/08\\\/favicon.png\",\"contentUrl\":\"https:\\\/\\\/clarasoteras.com\\\/wp-content\\\/uploads\\\/2024\\\/08\\\/favicon.png\",\"width\":512,\"height\":512,\"caption\":\"Clara Soteras\"},\"logo\":{\"@id\":\"https:\\\/\\\/clarasoteras.com\\\/wp-content\\\/uploads\\\/2024\\\/08\\\/favicon.png\"},\"description\":\"Clara Soteras es Consultora SEO y Estrategia Digital para distintos medios de comunicaci\u00f3n y empresas, incorporando la visi\u00f3n de producto a cualquier proyecto o negocio. Actualmente es Jefa de Innovaci\u00f3n y Estrategia Digital en AMIC, una asociaci\u00f3n de medios de informaci\u00f3n y comunicaci\u00f3n de proximidad con m\u00e1s de 600 asociados. Tambi\u00e9n es profesora asociada en la Universidad Aut\u00f3noma de Barcelona y profesora de SEO en medios en otras escuelas de negocio como Webpositer o KSchool y forma parte del panel de juces en distintos premios de b\u00fasqueda como los Global, European o los UK Search Awards y en premios de periodismo de organizaciones internacionales como Online News Association, WAN-IFRA y LION Publishers. Acaba de publicar el libro \u201cManual de instrucciones SEO para medios\u201d, editado por la newsletter Tendenci@s, disponible en formato impreso y digital. Y tambi\u00e9n una edici\u00f3n en ingl\u00e9s titulada \u201cSEO Playbook for News Publishers\u201d, un libro enfocado a la audiencia global. Es un libro que recoge todas las claves para trabajar el posicionamiento de contenidos en medios, tanto a nivel editorial como t\u00e9cnico, pensado para periodistas, editores y roles estrat\u00e9gicos de las redacciones.\",\"sameAs\":[\"https:\\\/\\\/clarasoteras.com\",\"https:\\\/\\\/www.instagram.com\\\/clara_soteras\\\/\",\"https:\\\/\\\/www.linkedin.com\\\/in\\\/clara-soteras-acosta\\\/\",\"https:\\\/\\\/x.com\\\/ClaraSoteras\",\"https:\\\/\\\/ca.wikipedia.org\\\/wiki\\\/Clara_Soteras_i_Acosta\"]}]}<\/script>\n<!-- \/ Yoast SEO plugin. -->","yoast_head_json":{"title":"Legal notice - Clara Soteras","robots":{"index":"noindex","follow":"nofollow"},"og_locale":"en_US","og_type":"article","og_title":"Legal notice - Clara Soteras","og_description":"www.clarasoteras.com This website www.clarasoteras.com is property of Clara Soteras Acosta, with ID number 77624097V, domiciled at Calle Gran, 78, 08310 &#8211; Argentona (Barcelona), and with e-mail hola@clarasoteras.com (hereinafter THE OWNER) states certain informative content about its activities is available on its website www.clarasoteras.com. These general conditions govern solely and exclusively the use of THE OWNER&#8217;S [&hellip;]","og_url":"https:\/\/clarasoteras.com\/en\/legal-notice\/","og_site_name":"Clara Soteras","article_modified_time":"2024-09-19T09:09:59+00:00","og_image":[{"width":1200,"height":675,"url":"https:\/\/clarasoteras.com\/wp-content\/uploads\/2024\/09\/imagen-logo-clara-1200.jpg","type":"image\/jpeg"}],"twitter_card":"summary_large_image","twitter_site":"@ClaraSoteras","twitter_misc":{"Est. reading time":"4 minutes"},"schema":{"@context":"https:\/\/schema.org","@graph":[{"@type":"WebPage","@id":"https:\/\/clarasoteras.com\/en\/legal-notice\/","url":"https:\/\/clarasoteras.com\/en\/legal-notice\/","name":"Legal notice - Clara Soteras","isPartOf":{"@id":"https:\/\/clarasoteras.com\/en\/#website"},"datePublished":"2024-09-12T08:03:23+00:00","dateModified":"2024-09-19T09:09:59+00:00","breadcrumb":{"@id":"https:\/\/clarasoteras.com\/en\/legal-notice\/#breadcrumb"},"inLanguage":"en-US","potentialAction":[{"@type":"ReadAction","target":["https:\/\/clarasoteras.com\/en\/legal-notice\/"]}]},{"@type":"BreadcrumbList","@id":"https:\/\/clarasoteras.com\/en\/legal-notice\/#breadcrumb","itemListElement":[{"@type":"ListItem","position":1,"name":"Home","item":"https:\/\/clarasoteras.com\/en\/"},{"@type":"ListItem","position":2,"name":"Legal notice"}]},{"@type":"WebSite","@id":"https:\/\/clarasoteras.com\/en\/#website","url":"https:\/\/clarasoteras.com\/en\/","name":"Clara Soteras","description":"SEO, medios y periodismo digital","publisher":{"@id":"https:\/\/clarasoteras.com\/en\/#\/schema\/person\/df3839c4a530026845115cc05ffa1f85"},"potentialAction":[{"@type":"SearchAction","target":{"@type":"EntryPoint","urlTemplate":"https:\/\/clarasoteras.com\/en\/?s={search_term_string}"},"query-input":{"@type":"PropertyValueSpecification","valueRequired":true,"valueName":"search_term_string"}}],"inLanguage":"en-US"},{"@type":["Person","Organization"],"@id":"https:\/\/clarasoteras.com\/en\/#\/schema\/person\/df3839c4a530026845115cc05ffa1f85","name":"Clara Soteras","image":{"@type":"ImageObject","inLanguage":"en-US","@id":"https:\/\/clarasoteras.com\/wp-content\/uploads\/2024\/08\/favicon.png","url":"https:\/\/clarasoteras.com\/wp-content\/uploads\/2024\/08\/favicon.png","contentUrl":"https:\/\/clarasoteras.com\/wp-content\/uploads\/2024\/08\/favicon.png","width":512,"height":512,"caption":"Clara Soteras"},"logo":{"@id":"https:\/\/clarasoteras.com\/wp-content\/uploads\/2024\/08\/favicon.png"},"description":"Clara Soteras es Consultora SEO y Estrategia Digital para distintos medios de comunicaci\u00f3n y empresas, incorporando la visi\u00f3n de producto a cualquier proyecto o negocio. Actualmente es Jefa de Innovaci\u00f3n y Estrategia Digital en AMIC, una asociaci\u00f3n de medios de informaci\u00f3n y comunicaci\u00f3n de proximidad con m\u00e1s de 600 asociados. Tambi\u00e9n es profesora asociada en la Universidad Aut\u00f3noma de Barcelona y profesora de SEO en medios en otras escuelas de negocio como Webpositer o KSchool y forma parte del panel de juces en distintos premios de b\u00fasqueda como los Global, European o los UK Search Awards y en premios de periodismo de organizaciones internacionales como Online News Association, WAN-IFRA y LION Publishers. Acaba de publicar el libro \u201cManual de instrucciones SEO para medios\u201d, editado por la newsletter Tendenci@s, disponible en formato impreso y digital. Y tambi\u00e9n una edici\u00f3n en ingl\u00e9s titulada \u201cSEO Playbook for News Publishers\u201d, un libro enfocado a la audiencia global. Es un libro que recoge todas las claves para trabajar el posicionamiento de contenidos en medios, tanto a nivel editorial como t\u00e9cnico, pensado para periodistas, editores y roles estrat\u00e9gicos de las redacciones.","sameAs":["https:\/\/clarasoteras.com","https:\/\/www.instagram.com\/clara_soteras\/","https:\/\/www.linkedin.com\/in\/clara-soteras-acosta\/","https:\/\/x.com\/ClaraSoteras","https:\/\/ca.wikipedia.org\/wiki\/Clara_Soteras_i_Acosta"]}]}},"_links":{"self":[{"href":"https:\/\/clarasoteras.com\/en\/wp-json\/wp\/v2\/pages\/1297","targetHints":{"allow":["GET"]}}],"collection":[{"href":"https:\/\/clarasoteras.com\/en\/wp-json\/wp\/v2\/pages"}],"about":[{"href":"https:\/\/clarasoteras.com\/en\/wp-json\/wp\/v2\/types\/page"}],"author":[{"embeddable":true,"href":"https:\/\/clarasoteras.com\/en\/wp-json\/wp\/v2\/users\/1"}],"replies":[{"embeddable":true,"href":"https:\/\/clarasoteras.com\/en\/wp-json\/wp\/v2\/comments?post=1297"}],"version-history":[{"count":3,"href":"https:\/\/clarasoteras.com\/en\/wp-json\/wp\/v2\/pages\/1297\/revisions"}],"predecessor-version":[{"id":1656,"href":"https:\/\/clarasoteras.com\/en\/wp-json\/wp\/v2\/pages\/1297\/revisions\/1656"}],"wp:attachment":[{"href":"https:\/\/clarasoteras.com\/en\/wp-json\/wp\/v2\/media?parent=1297"}],"curies":[{"name":"wp","href":"https:\/\/api.w.org\/{rel}","templated":true}]}}