

{"id":1289,"date":"2024-09-12T09:56:29","date_gmt":"2024-09-12T07:56:29","guid":{"rendered":"https:\/\/clarasoteras.com\/privacy-policy\/"},"modified":"2024-09-19T11:10:06","modified_gmt":"2024-09-19T09:10:06","slug":"privacy-policy","status":"publish","type":"page","link":"https:\/\/clarasoteras.com\/en\/privacy-policy\/","title":{"rendered":"Privacy policy"},"content":{"rendered":"\t\t<div data-elementor-type=\"wp-page\" data-elementor-id=\"1289\" class=\"elementor elementor-1289 elementor-1259\" data-elementor-post-type=\"page\">\n\t\t\t\t<div class=\"elementor-element elementor-element-415a05cf e-flex e-con-boxed e-con e-parent\" data-id=\"415a05cf\" data-element_type=\"container\" data-e-type=\"container\" data-settings=\"{&quot;jet_parallax_layout_list&quot;:[]}\">\n\t\t\t\t\t<div class=\"e-con-inner\">\n\t\t\t\t<div class=\"elementor-element elementor-element-73493a30 elementor-widget elementor-widget-text-editor\" data-id=\"73493a30\" data-element_type=\"widget\" data-e-type=\"widget\" data-widget_type=\"text-editor.default\">\n\t\t\t\t<div class=\"elementor-widget-container\">\n\t\t\t\t\t\t\t\t\tRegulation <strong>(EU) 2016\/679 on the protection of personal data<\/strong> establishes a new approach for the control and processing of personal data. We have reviewed and adapted our privacy policy to the new requirements and we want to offer greater information and transparency in relation to the processing of personal data.\r\n\r\nClara Soteras Acosta with NIF 77624097V is responsible for the processing of the personal data of its users and clients, as well as the data that may be collected through the website.\r\n\r\nClara Soteras Acosta informs website users about its policy regarding the treatment and protection of personal data of users and clients that may be collected by browsing or contracting services through its website.\r\n\r\n<h2>Purpose of data processing<\/h2>\r\n\r\nYour personal data is collected for the purpose of providing and maintaining the contractually agreed services as well as being able to inform you about new products and services.\r\n\r\nThe processing of the data that you provide us through the forms on the website <a href=\"https:\/\/clarasoteras.com\/en\/\"> https:\/\/clarasoteras.com\/<\/a> will be governed by this same policy. of privacy.\r\n\r\nThe operations, procedures and technical procedures that are carried out in an automated or non-automated manner and that enable the collection, storage, modification, transfer and other actions on personal data are considered personal data processing.\r\n\r\nClara Soteras Acosta will proceed to process personal data in a lawful, loyal, transparent, adequate, relevant, limited, accurate and updated manner.\r\n\r\n<h2>Data collected for the provision of a service<\/h2>\r\n\r\nThe personal data that you provide us for the provision of a service will be the minimum required to be able to prepare the contract as well as to be able to offer you the services that you contract and for compliance with legal obligations.\r\n\r\nThe data will be kept for the legally established periods.\r\n\r\n<h2>Data collected for the information request through the web form<\/h2>\r\n\r\nThe personal data collected through the web form for requesting information is intended to send commercial information about our products and services.\r\n\r\nThe processing of the data in this case is legitimized by the express consent that you give us when accepting the sending of the information provided through the form.\r\n\r\n<h2>Exercise of rights<\/h2>\r\n\r\nIn accordance with the rights conferred by Regulation (EU) 2016\/679 on the protection of personal data, you may exercise the rights of access, rectification, limitation of processing, deletion, portability and opposition to the processing of your data by directing your request to the indicated postal address or email <span style=\"text-decoration: underline;\">hola@clarasoteras.com<\/span>\r\n\r\nTo exercise your rights you must identify yourself by presenting your ID.\r\n\r\n<h2>Recipients<\/h2>\r\n\r\nClara Soteras Acosta informs users that their personal data will not be communicated to third parties, with the exception that said data communication is covered by a legal obligation or when the provision of a service implies the need for a contractual relationship with a manager. of treatment. In the latter case, the recipients of your data may be group companies, financially sound companies (in the case of non-payments, communicated through the procedures and guarantees established by current regulations) as well as certain data processors necessary for the correct provision. of services).\r\n\r\nClara Soteras Acosta maintains strict criteria for selecting data processors and is contractually committed to each one to comply with and enforce the established obligations regarding data protection.\r\n\r\n<h2>Data variation<\/h2>\r\n\r\nAs long as you do not inform us otherwise, we will understand that the data has not been modified and that you agree to notify us of any variation.\r\n\r\nFor any claim you can contact Clara Soteras Acosta. You can also contact the Spanish Data Protection Agency <a href=\"http:\/\/www.agdp.es\/\">www.agdp.es.<\/a>\t\t\t\t\t\t\t\t<\/div>\n\t\t\t\t<\/div>\n\t\t\t\t\t<\/div>\n\t\t\t\t<\/div>\n\t\t\t\t<\/div>\n\t\t","protected":false},"excerpt":{"rendered":"<p>Regulation (EU) 2016\/679 on the protection of personal data establishes a new approach for the control and processing of personal data. We have reviewed and adapted our privacy policy to the new requirements and we want to offer greater information and transparency in relation to the processing of personal data. Clara Soteras Acosta with NIF [&hellip;]<\/p>\n","protected":false},"author":1,"featured_media":0,"parent":0,"menu_order":0,"comment_status":"closed","ping_status":"closed","template":"","meta":{"footnotes":""},"class_list":["post-1289","page","type-page","status-publish","hentry"],"yoast_head":"<!-- This site is optimized with the Yoast SEO plugin v27.5 - https:\/\/yoast.com\/product\/yoast-seo-wordpress\/ -->\n<title>Privacy policy - Clara Soteras<\/title>\n<meta name=\"robots\" content=\"noindex, nofollow\" \/>\n<meta property=\"og:locale\" content=\"en_US\" \/>\n<meta property=\"og:type\" content=\"article\" \/>\n<meta property=\"og:title\" content=\"Privacy policy - Clara Soteras\" \/>\n<meta property=\"og:description\" content=\"Regulation (EU) 2016\/679 on the protection of personal data establishes a new approach for the control and processing of personal data. We have reviewed and adapted our privacy policy to the new requirements and we want to offer greater information and transparency in relation to the processing of personal data. Clara Soteras Acosta with NIF [&hellip;]\" \/>\n<meta property=\"og:url\" content=\"https:\/\/clarasoteras.com\/en\/privacy-policy\/\" \/>\n<meta property=\"og:site_name\" content=\"Clara Soteras\" \/>\n<meta property=\"article:modified_time\" content=\"2024-09-19T09:10:06+00:00\" \/>\n<meta property=\"og:image\" content=\"https:\/\/clarasoteras.com\/wp-content\/uploads\/2024\/09\/imagen-logo-clara-1200.jpg\" \/>\n\t<meta property=\"og:image:width\" content=\"1200\" \/>\n\t<meta property=\"og:image:height\" content=\"675\" \/>\n\t<meta property=\"og:image:type\" content=\"image\/jpeg\" \/>\n<meta name=\"twitter:card\" content=\"summary_large_image\" \/>\n<meta name=\"twitter:site\" content=\"@ClaraSoteras\" \/>\n<meta name=\"twitter:label1\" content=\"Est. reading time\" \/>\n\t<meta name=\"twitter:data1\" content=\"3 minutes\" \/>\n<script type=\"application\/ld+json\" class=\"yoast-schema-graph\">{\"@context\":\"https:\\\/\\\/schema.org\",\"@graph\":[{\"@type\":\"WebPage\",\"@id\":\"https:\\\/\\\/clarasoteras.com\\\/en\\\/privacy-policy\\\/\",\"url\":\"https:\\\/\\\/clarasoteras.com\\\/en\\\/privacy-policy\\\/\",\"name\":\"Privacy policy - Clara Soteras\",\"isPartOf\":{\"@id\":\"https:\\\/\\\/clarasoteras.com\\\/en\\\/#website\"},\"datePublished\":\"2024-09-12T07:56:29+00:00\",\"dateModified\":\"2024-09-19T09:10:06+00:00\",\"breadcrumb\":{\"@id\":\"https:\\\/\\\/clarasoteras.com\\\/en\\\/privacy-policy\\\/#breadcrumb\"},\"inLanguage\":\"en-US\",\"potentialAction\":[{\"@type\":\"ReadAction\",\"target\":[\"https:\\\/\\\/clarasoteras.com\\\/en\\\/privacy-policy\\\/\"]}]},{\"@type\":\"BreadcrumbList\",\"@id\":\"https:\\\/\\\/clarasoteras.com\\\/en\\\/privacy-policy\\\/#breadcrumb\",\"itemListElement\":[{\"@type\":\"ListItem\",\"position\":1,\"name\":\"Home\",\"item\":\"https:\\\/\\\/clarasoteras.com\\\/en\\\/\"},{\"@type\":\"ListItem\",\"position\":2,\"name\":\"Privacy policy\"}]},{\"@type\":\"WebSite\",\"@id\":\"https:\\\/\\\/clarasoteras.com\\\/en\\\/#website\",\"url\":\"https:\\\/\\\/clarasoteras.com\\\/en\\\/\",\"name\":\"Clara Soteras\",\"description\":\"SEO, medios y periodismo digital\",\"publisher\":{\"@id\":\"https:\\\/\\\/clarasoteras.com\\\/en\\\/#\\\/schema\\\/person\\\/df3839c4a530026845115cc05ffa1f85\"},\"potentialAction\":[{\"@type\":\"SearchAction\",\"target\":{\"@type\":\"EntryPoint\",\"urlTemplate\":\"https:\\\/\\\/clarasoteras.com\\\/en\\\/?s={search_term_string}\"},\"query-input\":{\"@type\":\"PropertyValueSpecification\",\"valueRequired\":true,\"valueName\":\"search_term_string\"}}],\"inLanguage\":\"en-US\"},{\"@type\":[\"Person\",\"Organization\"],\"@id\":\"https:\\\/\\\/clarasoteras.com\\\/en\\\/#\\\/schema\\\/person\\\/df3839c4a530026845115cc05ffa1f85\",\"name\":\"Clara Soteras\",\"image\":{\"@type\":\"ImageObject\",\"inLanguage\":\"en-US\",\"@id\":\"https:\\\/\\\/clarasoteras.com\\\/wp-content\\\/uploads\\\/2024\\\/08\\\/favicon.png\",\"url\":\"https:\\\/\\\/clarasoteras.com\\\/wp-content\\\/uploads\\\/2024\\\/08\\\/favicon.png\",\"contentUrl\":\"https:\\\/\\\/clarasoteras.com\\\/wp-content\\\/uploads\\\/2024\\\/08\\\/favicon.png\",\"width\":512,\"height\":512,\"caption\":\"Clara Soteras\"},\"logo\":{\"@id\":\"https:\\\/\\\/clarasoteras.com\\\/wp-content\\\/uploads\\\/2024\\\/08\\\/favicon.png\"},\"description\":\"Clara Soteras es Consultora SEO y Estrategia Digital para distintos medios de comunicaci\u00f3n y empresas, incorporando la visi\u00f3n de producto a cualquier proyecto o negocio. Actualmente es Jefa de Innovaci\u00f3n y Estrategia Digital en AMIC, una asociaci\u00f3n de medios de informaci\u00f3n y comunicaci\u00f3n de proximidad con m\u00e1s de 600 asociados. Tambi\u00e9n es profesora asociada en la Universidad Aut\u00f3noma de Barcelona y profesora de SEO en medios en otras escuelas de negocio como Webpositer o KSchool y forma parte del panel de juces en distintos premios de b\u00fasqueda como los Global, European o los UK Search Awards y en premios de periodismo de organizaciones internacionales como Online News Association, WAN-IFRA y LION Publishers. Acaba de publicar el libro \u201cManual de instrucciones SEO para medios\u201d, editado por la newsletter Tendenci@s, disponible en formato impreso y digital. Y tambi\u00e9n una edici\u00f3n en ingl\u00e9s titulada \u201cSEO Playbook for News Publishers\u201d, un libro enfocado a la audiencia global. Es un libro que recoge todas las claves para trabajar el posicionamiento de contenidos en medios, tanto a nivel editorial como t\u00e9cnico, pensado para periodistas, editores y roles estrat\u00e9gicos de las redacciones.\",\"sameAs\":[\"https:\\\/\\\/clarasoteras.com\",\"https:\\\/\\\/www.instagram.com\\\/clara_soteras\\\/\",\"https:\\\/\\\/www.linkedin.com\\\/in\\\/clara-soteras-acosta\\\/\",\"https:\\\/\\\/x.com\\\/ClaraSoteras\",\"https:\\\/\\\/ca.wikipedia.org\\\/wiki\\\/Clara_Soteras_i_Acosta\"]}]}<\/script>\n<!-- \/ Yoast SEO plugin. -->","yoast_head_json":{"title":"Privacy policy - Clara Soteras","robots":{"index":"noindex","follow":"nofollow"},"og_locale":"en_US","og_type":"article","og_title":"Privacy policy - Clara Soteras","og_description":"Regulation (EU) 2016\/679 on the protection of personal data establishes a new approach for the control and processing of personal data. We have reviewed and adapted our privacy policy to the new requirements and we want to offer greater information and transparency in relation to the processing of personal data. Clara Soteras Acosta with NIF [&hellip;]","og_url":"https:\/\/clarasoteras.com\/en\/privacy-policy\/","og_site_name":"Clara Soteras","article_modified_time":"2024-09-19T09:10:06+00:00","og_image":[{"width":1200,"height":675,"url":"https:\/\/clarasoteras.com\/wp-content\/uploads\/2024\/09\/imagen-logo-clara-1200.jpg","type":"image\/jpeg"}],"twitter_card":"summary_large_image","twitter_site":"@ClaraSoteras","twitter_misc":{"Est. reading time":"3 minutes"},"schema":{"@context":"https:\/\/schema.org","@graph":[{"@type":"WebPage","@id":"https:\/\/clarasoteras.com\/en\/privacy-policy\/","url":"https:\/\/clarasoteras.com\/en\/privacy-policy\/","name":"Privacy policy - Clara Soteras","isPartOf":{"@id":"https:\/\/clarasoteras.com\/en\/#website"},"datePublished":"2024-09-12T07:56:29+00:00","dateModified":"2024-09-19T09:10:06+00:00","breadcrumb":{"@id":"https:\/\/clarasoteras.com\/en\/privacy-policy\/#breadcrumb"},"inLanguage":"en-US","potentialAction":[{"@type":"ReadAction","target":["https:\/\/clarasoteras.com\/en\/privacy-policy\/"]}]},{"@type":"BreadcrumbList","@id":"https:\/\/clarasoteras.com\/en\/privacy-policy\/#breadcrumb","itemListElement":[{"@type":"ListItem","position":1,"name":"Home","item":"https:\/\/clarasoteras.com\/en\/"},{"@type":"ListItem","position":2,"name":"Privacy policy"}]},{"@type":"WebSite","@id":"https:\/\/clarasoteras.com\/en\/#website","url":"https:\/\/clarasoteras.com\/en\/","name":"Clara Soteras","description":"SEO, medios y periodismo digital","publisher":{"@id":"https:\/\/clarasoteras.com\/en\/#\/schema\/person\/df3839c4a530026845115cc05ffa1f85"},"potentialAction":[{"@type":"SearchAction","target":{"@type":"EntryPoint","urlTemplate":"https:\/\/clarasoteras.com\/en\/?s={search_term_string}"},"query-input":{"@type":"PropertyValueSpecification","valueRequired":true,"valueName":"search_term_string"}}],"inLanguage":"en-US"},{"@type":["Person","Organization"],"@id":"https:\/\/clarasoteras.com\/en\/#\/schema\/person\/df3839c4a530026845115cc05ffa1f85","name":"Clara Soteras","image":{"@type":"ImageObject","inLanguage":"en-US","@id":"https:\/\/clarasoteras.com\/wp-content\/uploads\/2024\/08\/favicon.png","url":"https:\/\/clarasoteras.com\/wp-content\/uploads\/2024\/08\/favicon.png","contentUrl":"https:\/\/clarasoteras.com\/wp-content\/uploads\/2024\/08\/favicon.png","width":512,"height":512,"caption":"Clara Soteras"},"logo":{"@id":"https:\/\/clarasoteras.com\/wp-content\/uploads\/2024\/08\/favicon.png"},"description":"Clara Soteras es Consultora SEO y Estrategia Digital para distintos medios de comunicaci\u00f3n y empresas, incorporando la visi\u00f3n de producto a cualquier proyecto o negocio. Actualmente es Jefa de Innovaci\u00f3n y Estrategia Digital en AMIC, una asociaci\u00f3n de medios de informaci\u00f3n y comunicaci\u00f3n de proximidad con m\u00e1s de 600 asociados. Tambi\u00e9n es profesora asociada en la Universidad Aut\u00f3noma de Barcelona y profesora de SEO en medios en otras escuelas de negocio como Webpositer o KSchool y forma parte del panel de juces en distintos premios de b\u00fasqueda como los Global, European o los UK Search Awards y en premios de periodismo de organizaciones internacionales como Online News Association, WAN-IFRA y LION Publishers. Acaba de publicar el libro \u201cManual de instrucciones SEO para medios\u201d, editado por la newsletter Tendenci@s, disponible en formato impreso y digital. Y tambi\u00e9n una edici\u00f3n en ingl\u00e9s titulada \u201cSEO Playbook for News Publishers\u201d, un libro enfocado a la audiencia global. Es un libro que recoge todas las claves para trabajar el posicionamiento de contenidos en medios, tanto a nivel editorial como t\u00e9cnico, pensado para periodistas, editores y roles estrat\u00e9gicos de las redacciones.","sameAs":["https:\/\/clarasoteras.com","https:\/\/www.instagram.com\/clara_soteras\/","https:\/\/www.linkedin.com\/in\/clara-soteras-acosta\/","https:\/\/x.com\/ClaraSoteras","https:\/\/ca.wikipedia.org\/wiki\/Clara_Soteras_i_Acosta"]}]}},"_links":{"self":[{"href":"https:\/\/clarasoteras.com\/en\/wp-json\/wp\/v2\/pages\/1289","targetHints":{"allow":["GET"]}}],"collection":[{"href":"https:\/\/clarasoteras.com\/en\/wp-json\/wp\/v2\/pages"}],"about":[{"href":"https:\/\/clarasoteras.com\/en\/wp-json\/wp\/v2\/types\/page"}],"author":[{"embeddable":true,"href":"https:\/\/clarasoteras.com\/en\/wp-json\/wp\/v2\/users\/1"}],"replies":[{"embeddable":true,"href":"https:\/\/clarasoteras.com\/en\/wp-json\/wp\/v2\/comments?post=1289"}],"version-history":[{"count":3,"href":"https:\/\/clarasoteras.com\/en\/wp-json\/wp\/v2\/pages\/1289\/revisions"}],"predecessor-version":[{"id":1663,"href":"https:\/\/clarasoteras.com\/en\/wp-json\/wp\/v2\/pages\/1289\/revisions\/1663"}],"wp:attachment":[{"href":"https:\/\/clarasoteras.com\/en\/wp-json\/wp\/v2\/media?parent=1289"}],"curies":[{"name":"wp","href":"https:\/\/api.w.org\/{rel}","templated":true}]}}