

{"id":1551,"date":"2024-09-12T09:56:29","date_gmt":"2024-09-12T07:56:29","guid":{"rendered":"https:\/\/clarasoteras.com\/politica-de-privadesa\/"},"modified":"2024-09-19T11:07:26","modified_gmt":"2024-09-19T09:07:26","slug":"politica-de-privadesa","status":"publish","type":"page","link":"https:\/\/clarasoteras.com\/ca\/politica-de-privadesa\/","title":{"rendered":"Pol\u00edtica de privadesa"},"content":{"rendered":"\t\t<div data-elementor-type=\"wp-page\" data-elementor-id=\"1551\" class=\"elementor elementor-1551 elementor-1259\" data-elementor-post-type=\"page\">\n\t\t\t\t<div class=\"elementor-element elementor-element-415a05cf e-flex e-con-boxed e-con e-parent\" data-id=\"415a05cf\" data-element_type=\"container\" data-e-type=\"container\" data-settings=\"{&quot;jet_parallax_layout_list&quot;:[]}\">\n\t\t\t\t\t<div class=\"e-con-inner\">\n\t\t\t\t<div class=\"elementor-element elementor-element-73493a30 elementor-widget elementor-widget-text-editor\" data-id=\"73493a30\" data-element_type=\"widget\" data-e-type=\"widget\" data-widget_type=\"text-editor.default\">\n\t\t\t\t<div class=\"elementor-widget-container\">\n\t\t\t\t\t\t\t\t\tEl Reglament <strong>(UE) 2016\/679 de protecci\u00f3 de dades de car\u00e0cter personal<\/strong> estableix un nou enfocament per al control i el tractament de les dades de car\u00e0cter personal. Hem revisat i adaptat la nostra pol\u00edtica de privadesa als nous requisits i volem oferir m\u00e9s informaci\u00f3 i transpar\u00e8ncia en relaci\u00f3 amb el tractament de les dades personals.\r\n\r\nClara Soteras Acosta amb NIF 77624097V \u00e9s responsable del tractament de les dades de car\u00e0cter personal dels seus usuaris i clients, aix\u00ed com de les dades que puguin ser recollides a trav\u00e9s del lloc web.\r\n\r\nClara Soteras Acosta informa els usuaris del lloc web sobre la seva pol\u00edtica respecte del tractament i protecci\u00f3 de les dades de car\u00e0cter personal dels usuaris i clients que puguin ser demanats per la navegaci\u00f3 o contractaci\u00f3 de serveis a trav\u00e9s del seu lloc web.\r\n\r\n<h2>Finalitat del tractament de les dades<\/h2>\r\n\r\nLes seves dades de car\u00e0cter personal es demanaven amb la finalitat de prestar i mantenir els serveis acordats contractualment aix\u00ed com poder informar-lo sobre els nous productes i serveis.\r\n\r\nEl tractament de les dades que ens faciliti a trav\u00e9s dels formularis de la web<a href=\"https:\/\/clarasoteras.com\/ca\/\"> https:\/\/clarasoteras.com\/<\/a>, es regir\u00e0 per aquesta mateixa pol\u00edtica de privadesa.\r\n\r\nLes operacions, gestions i procediments t\u00e8cnics que es realitzin de forma automatitzada o no automatitzada i que possibilitin la recollida, emmagatzematge, modificaci\u00f3, transfer\u00e8ncia i altres accions sobre dades de car\u00e0cter personal, tenen la consideraci\u00f3 de tractament de dades personals.\r\n\r\nClara Soteras Acosta procedir\u00e0 a tractar les dades de car\u00e0cter personal de manera l\u00edcita, lleial, transparent, adequada, pertinent, limitada, exacta i actualitzada.\r\n\r\n<h2>Dades recollides per a la prestaci\u00f3 d&#8217;un servei<\/h2>\r\n\r\nLes dades de car\u00e0cter personal que ens faciliti per a la prestaci\u00f3 d&#8217;un servei seran els m\u00ednims exigibles per poder elaborar el contracte aix\u00ed com per poder oferir-vos els serveis que vost\u00e8 contracti i per al compliment de les obligacions legals.\r\n\r\nLes dades seran conservades durant els terminis legalment establerts.\r\n\r\n<h2>Dades recollides per sol\u00b7licitar informaci\u00f3 a trav\u00e9s del formulari web<\/h2>\r\n\r\nLes dades personals demanades a trav\u00e9s del formulari web per a la petici\u00f3 d&#8217;informaci\u00f3 tenen com a finalitat l&#8217;enviament d&#8217;informaci\u00f3 comercial sobre els nostres productes i serveis.\r\n\r\nEl tractament de les dades en aquest cas est\u00e0 legitimat pel consentiment expr\u00e9s que ens presta en acceptar l&#8217;enviament de la informaci\u00f3 aportada a trav\u00e9s del formulari.\r\n\r\n<h2>Exercici dels drets<\/h2>\r\n\r\nD&#8217;acord amb els drets que confereix el Reglament (UE) 2016\/679 de protecci\u00f3 de dades de car\u00e0cter personal podreu exercir els drets d&#8217;acc\u00e9s, rectificaci\u00f3, limitaci\u00f3 de tractament, supressi\u00f3, portabilitat i oposici\u00f3 al tractament de les vostres dades dirigint la vostra petici\u00f3 a la adre\u00e7a postal indicada o al correu electr\u00f2nic <span style=\"text-decoration: underline;\">hola@clarasoteras.com<\/span>\r\n\r\nPer a l&#8217;exercici dels drets s&#8217;haur\u00e0 d&#8217;identificar mitjan\u00e7ant la presentaci\u00f3 del vostre DNI.\r\n\r\n<h2>Destinataris<\/h2>\r\n\r\nClara Soteras Acosta informa als usuaris que les seves dades personals no seran comunicades a tercers, llevat que aquesta comunicaci\u00f3 de dades estigui emparada en una obligaci\u00f3 legal o quan la prestaci\u00f3 d&#8217;un servei impliqui la necessitat d&#8217;una relaci\u00f3 contractual amb un encarregat de tractament. En aquest darrer cas, els destinataris de les vostres dades poden ser empreses del grup, empreses de solv\u00e8ncia patrimonial (en el cas d&#8217;impagaments, comunicats mitjan\u00e7ant els procediments i garanties establerts per la normativa vigent) aix\u00ed com determinats encarregats del tractament necessaris per a la correcta prestaci\u00f3 dels serveis).\r\n\r\nClara Soteras Acosta mant\u00e9 uns criteris estrictes de selecci\u00f3 d&#8217;encarregats de tractament i es compromet contractualment amb cadascun a complir i fer complir les obligacions establertes en mat\u00e8ria de protecci\u00f3 de dades.\r\n\r\n<h2>Variaci\u00f3 de les dades<\/h2>\r\n\r\nMentre no ens comuniquin el contrari, entendrem que les dades no han estat modificades i que es compromet a notificar-nos qualsevol variaci\u00f3.\r\n\r\nPer a qualsevol reclamaci\u00f3 podeu adre\u00e7ar-vos Clara Soteras Acosta Igualment podreu adre\u00e7ar-vos a l&#8217;Ag\u00e8ncia Espanyola de Protecci\u00f3 de Dades <a href=\"http:\/\/www.agdp.es\/\">www.agdp.es.<\/a>\t\t\t\t\t\t\t\t<\/div>\n\t\t\t\t<\/div>\n\t\t\t\t\t<\/div>\n\t\t\t\t<\/div>\n\t\t\t\t<\/div>\n\t\t","protected":false},"excerpt":{"rendered":"<p>El Reglament (UE) 2016\/679 de protecci\u00f3 de dades de car\u00e0cter personal estableix un nou enfocament per al control i el tractament de les dades de car\u00e0cter personal. Hem revisat i adaptat la nostra pol\u00edtica de privadesa als nous requisits i volem oferir m\u00e9s informaci\u00f3 i transpar\u00e8ncia en relaci\u00f3 amb el tractament de les dades personals. [&hellip;]<\/p>\n","protected":false},"author":1,"featured_media":0,"parent":0,"menu_order":0,"comment_status":"closed","ping_status":"closed","template":"","meta":{"footnotes":""},"class_list":["post-1551","page","type-page","status-publish","hentry"],"yoast_head":"<!-- This site is optimized with the Yoast SEO plugin v27.5 - https:\/\/yoast.com\/product\/yoast-seo-wordpress\/ -->\n<title>Pol\u00edtica de privadesa - Clara Soteras<\/title>\n<meta name=\"robots\" content=\"noindex, nofollow\" \/>\n<meta property=\"og:locale\" content=\"ca_ES\" \/>\n<meta property=\"og:type\" content=\"article\" \/>\n<meta property=\"og:title\" content=\"Pol\u00edtica de privadesa - Clara Soteras\" \/>\n<meta property=\"og:description\" content=\"El Reglament (UE) 2016\/679 de protecci\u00f3 de dades de car\u00e0cter personal estableix un nou enfocament per al control i el tractament de les dades de car\u00e0cter personal. Hem revisat i adaptat la nostra pol\u00edtica de privadesa als nous requisits i volem oferir m\u00e9s informaci\u00f3 i transpar\u00e8ncia en relaci\u00f3 amb el tractament de les dades personals. [&hellip;]\" \/>\n<meta property=\"og:url\" content=\"https:\/\/clarasoteras.com\/ca\/politica-de-privadesa\/\" \/>\n<meta property=\"og:site_name\" content=\"Clara Soteras\" \/>\n<meta property=\"article:modified_time\" content=\"2024-09-19T09:07:26+00:00\" \/>\n<meta property=\"og:image\" content=\"https:\/\/clarasoteras.com\/wp-content\/uploads\/2024\/09\/imagen-logo-clara-1200.jpg\" \/>\n\t<meta property=\"og:image:width\" content=\"1200\" \/>\n\t<meta property=\"og:image:height\" content=\"675\" \/>\n\t<meta property=\"og:image:type\" content=\"image\/jpeg\" \/>\n<meta name=\"twitter:card\" content=\"summary_large_image\" \/>\n<meta name=\"twitter:site\" content=\"@ClaraSoteras\" \/>\n<meta name=\"twitter:label1\" content=\"Temps estimat de lectura\" \/>\n\t<meta name=\"twitter:data1\" content=\"3 minuts\" \/>\n<script type=\"application\/ld+json\" class=\"yoast-schema-graph\">{\"@context\":\"https:\\\/\\\/schema.org\",\"@graph\":[{\"@type\":\"WebPage\",\"@id\":\"https:\\\/\\\/clarasoteras.com\\\/ca\\\/politica-de-privadesa\\\/\",\"url\":\"https:\\\/\\\/clarasoteras.com\\\/ca\\\/politica-de-privadesa\\\/\",\"name\":\"Pol\u00edtica de privadesa - Clara Soteras\",\"isPartOf\":{\"@id\":\"https:\\\/\\\/clarasoteras.com\\\/ca\\\/#website\"},\"datePublished\":\"2024-09-12T07:56:29+00:00\",\"dateModified\":\"2024-09-19T09:07:26+00:00\",\"breadcrumb\":{\"@id\":\"https:\\\/\\\/clarasoteras.com\\\/ca\\\/politica-de-privadesa\\\/#breadcrumb\"},\"inLanguage\":\"ca\",\"potentialAction\":[{\"@type\":\"ReadAction\",\"target\":[\"https:\\\/\\\/clarasoteras.com\\\/ca\\\/politica-de-privadesa\\\/\"]}]},{\"@type\":\"BreadcrumbList\",\"@id\":\"https:\\\/\\\/clarasoteras.com\\\/ca\\\/politica-de-privadesa\\\/#breadcrumb\",\"itemListElement\":[{\"@type\":\"ListItem\",\"position\":1,\"name\":\"Inici\",\"item\":\"https:\\\/\\\/clarasoteras.com\\\/ca\\\/\"},{\"@type\":\"ListItem\",\"position\":2,\"name\":\"Pol\u00edtica de privadesa\"}]},{\"@type\":\"WebSite\",\"@id\":\"https:\\\/\\\/clarasoteras.com\\\/ca\\\/#website\",\"url\":\"https:\\\/\\\/clarasoteras.com\\\/ca\\\/\",\"name\":\"Clara Soteras\",\"description\":\"Consultora SEO para Medios\",\"publisher\":{\"@id\":\"https:\\\/\\\/clarasoteras.com\\\/ca\\\/#\\\/schema\\\/person\\\/df3839c4a530026845115cc05ffa1f85\"},\"potentialAction\":[{\"@type\":\"SearchAction\",\"target\":{\"@type\":\"EntryPoint\",\"urlTemplate\":\"https:\\\/\\\/clarasoteras.com\\\/ca\\\/?s={search_term_string}\"},\"query-input\":{\"@type\":\"PropertyValueSpecification\",\"valueRequired\":true,\"valueName\":\"search_term_string\"}}],\"inLanguage\":\"ca\"},{\"@type\":[\"Person\",\"Organization\"],\"@id\":\"https:\\\/\\\/clarasoteras.com\\\/ca\\\/#\\\/schema\\\/person\\\/df3839c4a530026845115cc05ffa1f85\",\"name\":\"Clara Soteras\",\"image\":{\"@type\":\"ImageObject\",\"inLanguage\":\"ca\",\"@id\":\"https:\\\/\\\/clarasoteras.com\\\/wp-content\\\/uploads\\\/2024\\\/08\\\/favicon.png\",\"url\":\"https:\\\/\\\/clarasoteras.com\\\/wp-content\\\/uploads\\\/2024\\\/08\\\/favicon.png\",\"contentUrl\":\"https:\\\/\\\/clarasoteras.com\\\/wp-content\\\/uploads\\\/2024\\\/08\\\/favicon.png\",\"width\":512,\"height\":512,\"caption\":\"Clara Soteras\"},\"logo\":{\"@id\":\"https:\\\/\\\/clarasoteras.com\\\/wp-content\\\/uploads\\\/2024\\\/08\\\/favicon.png\"},\"description\":\"Clara Soteras es Consultora SEO y Estrategia Digital para distintos medios de comunicaci\u00f3n y empresas, incorporando la visi\u00f3n de producto a cualquier proyecto o negocio. Actualmente es Jefa de Innovaci\u00f3n y Estrategia Digital en AMIC, una asociaci\u00f3n de medios de informaci\u00f3n y comunicaci\u00f3n de proximidad con m\u00e1s de 600 asociados. Tambi\u00e9n es profesora asociada en la Universidad Aut\u00f3noma de Barcelona y profesora de SEO en medios en otras escuelas de negocio como Webpositer o KSchool y forma parte del panel de juces en distintos premios de b\u00fasqueda como los Global, European o los UK Search Awards y en premios de periodismo de organizaciones internacionales como Online News Association, WAN-IFRA y LION Publishers. Acaba de publicar el libro \u201cManual de instrucciones SEO para medios\u201d, editado por la newsletter Tendenci@s, disponible en formato impreso y digital. Y tambi\u00e9n una edici\u00f3n en ingl\u00e9s titulada \u201cSEO Playbook for News Publishers\u201d, un libro enfocado a la audiencia global. Es un libro que recoge todas las claves para trabajar el posicionamiento de contenidos en medios, tanto a nivel editorial como t\u00e9cnico, pensado para periodistas, editores y roles estrat\u00e9gicos de las redacciones.\",\"sameAs\":[\"https:\\\/\\\/clarasoteras.com\",\"https:\\\/\\\/www.instagram.com\\\/clara_soteras\\\/\",\"https:\\\/\\\/www.linkedin.com\\\/in\\\/clara-soteras-acosta\\\/\",\"https:\\\/\\\/x.com\\\/ClaraSoteras\",\"https:\\\/\\\/ca.wikipedia.org\\\/wiki\\\/Clara_Soteras_i_Acosta\"]}]}<\/script>\n<!-- \/ Yoast SEO plugin. -->","yoast_head_json":{"title":"Pol\u00edtica de privadesa - Clara Soteras","robots":{"index":"noindex","follow":"nofollow"},"og_locale":"ca_ES","og_type":"article","og_title":"Pol\u00edtica de privadesa - Clara Soteras","og_description":"El Reglament (UE) 2016\/679 de protecci\u00f3 de dades de car\u00e0cter personal estableix un nou enfocament per al control i el tractament de les dades de car\u00e0cter personal. Hem revisat i adaptat la nostra pol\u00edtica de privadesa als nous requisits i volem oferir m\u00e9s informaci\u00f3 i transpar\u00e8ncia en relaci\u00f3 amb el tractament de les dades personals. [&hellip;]","og_url":"https:\/\/clarasoteras.com\/ca\/politica-de-privadesa\/","og_site_name":"Clara Soteras","article_modified_time":"2024-09-19T09:07:26+00:00","og_image":[{"width":1200,"height":675,"url":"https:\/\/clarasoteras.com\/wp-content\/uploads\/2024\/09\/imagen-logo-clara-1200.jpg","type":"image\/jpeg"}],"twitter_card":"summary_large_image","twitter_site":"@ClaraSoteras","twitter_misc":{"Temps estimat de lectura":"3 minuts"},"schema":{"@context":"https:\/\/schema.org","@graph":[{"@type":"WebPage","@id":"https:\/\/clarasoteras.com\/ca\/politica-de-privadesa\/","url":"https:\/\/clarasoteras.com\/ca\/politica-de-privadesa\/","name":"Pol\u00edtica de privadesa - Clara Soteras","isPartOf":{"@id":"https:\/\/clarasoteras.com\/ca\/#website"},"datePublished":"2024-09-12T07:56:29+00:00","dateModified":"2024-09-19T09:07:26+00:00","breadcrumb":{"@id":"https:\/\/clarasoteras.com\/ca\/politica-de-privadesa\/#breadcrumb"},"inLanguage":"ca","potentialAction":[{"@type":"ReadAction","target":["https:\/\/clarasoteras.com\/ca\/politica-de-privadesa\/"]}]},{"@type":"BreadcrumbList","@id":"https:\/\/clarasoteras.com\/ca\/politica-de-privadesa\/#breadcrumb","itemListElement":[{"@type":"ListItem","position":1,"name":"Inici","item":"https:\/\/clarasoteras.com\/ca\/"},{"@type":"ListItem","position":2,"name":"Pol\u00edtica de privadesa"}]},{"@type":"WebSite","@id":"https:\/\/clarasoteras.com\/ca\/#website","url":"https:\/\/clarasoteras.com\/ca\/","name":"Clara Soteras","description":"Consultora SEO para Medios","publisher":{"@id":"https:\/\/clarasoteras.com\/ca\/#\/schema\/person\/df3839c4a530026845115cc05ffa1f85"},"potentialAction":[{"@type":"SearchAction","target":{"@type":"EntryPoint","urlTemplate":"https:\/\/clarasoteras.com\/ca\/?s={search_term_string}"},"query-input":{"@type":"PropertyValueSpecification","valueRequired":true,"valueName":"search_term_string"}}],"inLanguage":"ca"},{"@type":["Person","Organization"],"@id":"https:\/\/clarasoteras.com\/ca\/#\/schema\/person\/df3839c4a530026845115cc05ffa1f85","name":"Clara Soteras","image":{"@type":"ImageObject","inLanguage":"ca","@id":"https:\/\/clarasoteras.com\/wp-content\/uploads\/2024\/08\/favicon.png","url":"https:\/\/clarasoteras.com\/wp-content\/uploads\/2024\/08\/favicon.png","contentUrl":"https:\/\/clarasoteras.com\/wp-content\/uploads\/2024\/08\/favicon.png","width":512,"height":512,"caption":"Clara Soteras"},"logo":{"@id":"https:\/\/clarasoteras.com\/wp-content\/uploads\/2024\/08\/favicon.png"},"description":"Clara Soteras es Consultora SEO y Estrategia Digital para distintos medios de comunicaci\u00f3n y empresas, incorporando la visi\u00f3n de producto a cualquier proyecto o negocio. Actualmente es Jefa de Innovaci\u00f3n y Estrategia Digital en AMIC, una asociaci\u00f3n de medios de informaci\u00f3n y comunicaci\u00f3n de proximidad con m\u00e1s de 600 asociados. Tambi\u00e9n es profesora asociada en la Universidad Aut\u00f3noma de Barcelona y profesora de SEO en medios en otras escuelas de negocio como Webpositer o KSchool y forma parte del panel de juces en distintos premios de b\u00fasqueda como los Global, European o los UK Search Awards y en premios de periodismo de organizaciones internacionales como Online News Association, WAN-IFRA y LION Publishers. Acaba de publicar el libro \u201cManual de instrucciones SEO para medios\u201d, editado por la newsletter Tendenci@s, disponible en formato impreso y digital. Y tambi\u00e9n una edici\u00f3n en ingl\u00e9s titulada \u201cSEO Playbook for News Publishers\u201d, un libro enfocado a la audiencia global. Es un libro que recoge todas las claves para trabajar el posicionamiento de contenidos en medios, tanto a nivel editorial como t\u00e9cnico, pensado para periodistas, editores y roles estrat\u00e9gicos de las redacciones.","sameAs":["https:\/\/clarasoteras.com","https:\/\/www.instagram.com\/clara_soteras\/","https:\/\/www.linkedin.com\/in\/clara-soteras-acosta\/","https:\/\/x.com\/ClaraSoteras","https:\/\/ca.wikipedia.org\/wiki\/Clara_Soteras_i_Acosta"]}]}},"_links":{"self":[{"href":"https:\/\/clarasoteras.com\/ca\/wp-json\/wp\/v2\/pages\/1551","targetHints":{"allow":["GET"]}}],"collection":[{"href":"https:\/\/clarasoteras.com\/ca\/wp-json\/wp\/v2\/pages"}],"about":[{"href":"https:\/\/clarasoteras.com\/ca\/wp-json\/wp\/v2\/types\/page"}],"author":[{"embeddable":true,"href":"https:\/\/clarasoteras.com\/ca\/wp-json\/wp\/v2\/users\/1"}],"replies":[{"embeddable":true,"href":"https:\/\/clarasoteras.com\/ca\/wp-json\/wp\/v2\/comments?post=1551"}],"version-history":[{"count":2,"href":"https:\/\/clarasoteras.com\/ca\/wp-json\/wp\/v2\/pages\/1551\/revisions"}],"predecessor-version":[{"id":1664,"href":"https:\/\/clarasoteras.com\/ca\/wp-json\/wp\/v2\/pages\/1551\/revisions\/1664"}],"wp:attachment":[{"href":"https:\/\/clarasoteras.com\/ca\/wp-json\/wp\/v2\/media?parent=1551"}],"curies":[{"name":"wp","href":"https:\/\/api.w.org\/{rel}","templated":true}]}}