

{"id":1543,"date":"2024-09-12T10:03:23","date_gmt":"2024-09-12T08:03:23","guid":{"rendered":"https:\/\/clarasoteras.com\/condicions-generals-dus-del-lloc-web\/"},"modified":"2024-09-19T11:07:11","modified_gmt":"2024-09-19T09:07:11","slug":"condicions-generals-dus-del-lloc-web","status":"publish","type":"page","link":"https:\/\/clarasoteras.com\/ca\/condicions-generals-dus-del-lloc-web\/","title":{"rendered":"Av\u00eds legal"},"content":{"rendered":"\t\t<div data-elementor-type=\"wp-page\" data-elementor-id=\"1543\" class=\"elementor elementor-1543 elementor-1263\" data-elementor-post-type=\"page\">\n\t\t\t\t<div class=\"elementor-element elementor-element-6683c2bf e-flex e-con-boxed e-con e-parent\" data-id=\"6683c2bf\" data-element_type=\"container\" data-e-type=\"container\" data-settings=\"{&quot;jet_parallax_layout_list&quot;:[]}\">\n\t\t\t\t\t<div class=\"e-con-inner\">\n\t\t\t\t<div class=\"elementor-element elementor-element-149a397b elementor-widget elementor-widget-text-editor\" data-id=\"149a397b\" data-element_type=\"widget\" data-e-type=\"widget\" data-widget_type=\"text-editor.default\">\n\t\t\t\t<div class=\"elementor-widget-container\">\n\t\t\t\t\t\t\t\t\t<p><strong><span style=\"text-decoration: underline;\">www.clarasoteras.com<\/span><\/strong><\/p>\n<p>Aquesta web www.clarasoteras.com \u00e9s propietat de Clara Soteras Acosta, amb DNI n\u00fam. 77624097V, domiciliat al Carrer Gran, 78, 08310 &#8211; Argentona (Barcelona), i amb e-mail hola@clarasoteras.com a disposici\u00f3 al seu lloc web www.clarasoteras.com determinats continguts de car\u00e0cter informatiu sobre les seves activitats. Les presents condicions generals regeixen \u00fanica i exclusivament l&#8217;\u00fas del lloc web d&#8217;EL PROPIETARI per part dels USUARIS que hi accedeixin. Aquestes condicions generals s&#8217;exposen a l&#8217;USUARI al lloc web www.clarasoteras.com a totes i cadascuna de les p\u00e0gines, perqu\u00e8 les llegeixi, les imprimeixi, arxivi i accepti a trav\u00e9s d&#8217;internet i es trobe plenament informat.<\/p>\n<p>L&#8217;acc\u00e9s al lloc web d&#8217;EL PROPIETARI implica sense reserves l&#8217;acceptaci\u00f3 de les presents condicions generals d&#8217;\u00fas que l&#8217;USUARI afirma comprendre totalment. L&#8217;USUARI es compromet no a utilitzar el lloc web i els serveis que s&#8217;hi ofereixen per a la realitzaci\u00f3 d&#8217;activitats contr\u00e0ries a la llei ia respectar en tot moment les presents condicions generals.<\/p>\n<h2>Primera &#8211; Condicions d&#8217;acc\u00e9s i \u00fas<\/h2>\n<p>1.1.- La utilitzaci\u00f3 del lloc web d&#8217;EL PROPIETARI no comporta l&#8217;obligatorietat d&#8217;inscripci\u00f3 de l&#8217;USUARI. Les condicions d&#8217;acc\u00e9s i \u00fas del present lloc web es regeixen estrictament per la legalitat vigent i pel principi de bona fe i l&#8217;USUARI es compromet a fer un bon \u00fas del web. Queden prohibits tots els actes que vulnerin la legalitat, drets o interessos de tercers: dret a la intimitat, protecci\u00f3 de dades, propietat intel\u00b7lectual etc. Expressament EL PROPIETARI prohibeix els seg\u00fcents:<\/p>\n<p>1.1.1.- Realitzar accions que puguin produir al lloc web oa trav\u00e9s d&#8217;aquest per qualsevol mitj\u00e0 qualsevol tipus de dany als sistemes d&#8217;EL PROPIETARI oa tercers.<\/p>\n<p>1.1.2.- Realitzar sense la deguda autoritzaci\u00f3 qualsevol tipus de publicitat o informaci\u00f3 comercial directament o de forma encoberta, l&#8217;enviament de correus massius (spaming) o enviament de grans missatges per tal de bloquejar servidors de la xarxa (mail bombing).<\/p>\n<p>1.2.- EL PROPIETARI, podr\u00e0 interrompre en qualsevol moment l&#8217;acc\u00e9s al vostre lloc web si detecta un \u00fas contrari a la legalitat, la bona fe oa les presents condicions generals-veure cl\u00e0usula cinquena.<\/p>\n<h2>Segona &#8211; Continguts<\/h2>\n<p>Els continguts incorporats en aquest lloc web han estat elaborats i inclosos per:<\/p>\n<p>2.1.- EL PROPIETARI utilitzant fonts internes i externes de manera que EL PROPIETARI \u00fanicament es fa responsable pels continguts elaborats de forma interna.<\/p>\n<p>2.2.- EL PROPIETARI es reserva el dret a modificar en qualsevol moment els continguts existents al vostre lloc web. EL PROPIETARI no assegura ni es responsabilitza del correcte funcionament dels enlla\u00e7os a llocs web de tercers que figurin a www.clarasoteras.com. A m\u00e9s, a trav\u00e9s del lloc web del PROPIETARI es posen a disposici\u00f3 de l&#8217;usuari serveis gratu\u00efts i de pagament oferts per tercers aliens i que es regiran per les condicions particulars de cadascun. EL PROPIETARI no garanteix la veracitat, exactitud o actualitat dels continguts i serveis oferts per tercers i queda expressament exempt de tota mena de responsabilitat pels danys i perjudicis que es puguin derivar de la manca d&#8217;exactitud d&#8217;aquests continguts i serveis.<\/p>\n<h2>Tercera &#8211; Responsabilitat<\/h2>\n<p>3.1.- EL PROPIETARI en cap cas ser\u00e0 responsable de:<\/p>\n<p>3.1.1.- Les fallades i incid\u00e8ncies que es puguin produir en les comunicacions, esborrament o transmissions incompletes de manera que no es garanteix que els serveis del lloc web estiguin constantment operatius.<\/p>\n<p>3.1.2.- De la producci\u00f3 de qualsevol tipus de dany que els USUARIS o tercers poguessin ocasionar al lloc web.<\/p>\n<p>3.1.3.- De la fiabilitat i veracitat de les informacions introdu\u00efdes per tercers al lloc web, b\u00e9 directament, b\u00e9 a trav\u00e9s d&#8217;enlla\u00e7os o links. El propietari col\u00b7laborar\u00e0 i notificar\u00e0 a lautoritat competent aquestes incid\u00e8ncies en el moment en qu\u00e8 tingui coneixement fefaent que els danys ocasionats constitueixin qualsevol tipus dactivitat il\u00b7l\u00edcita.<\/p>\n<p>3.2.- EL PROPIETARI es reserva el dret a suspendre l&#8217;acc\u00e9s sense av\u00eds previ de forma discrecional i amb car\u00e0cter definitiu o temporal fins a l&#8217;assegurament de la responsabilitat efectiva dels danys que es puguin produir. Aix\u00ed mateix, el propietari col\u00b7laborar\u00e0 i notificar\u00e0 a l&#8217;autoritat competent aquestes incid\u00e8ncies en el moment en qu\u00e8 tingui coneixement fefaent que els danys ocasionats constitueixin qualsevol tipus d&#8217;activitat il\u00b7l\u00edcita.<\/p>\n<h2>Quarta &#8211; Drets d&#8217;autor i marca<\/h2>\n<p>El lloc web d&#8217;EL PROPIETARI &#8211; els continguts propis, la programaci\u00f3 i el disseny del lloc web- es troba plenament protegit pels drets d&#8217;autor, quedant expressament prohibida tota reproducci\u00f3, comunicaci\u00f3, distribuci\u00f3 i transformaci\u00f3 dels referits elements protegits excepte consentiment expr\u00e9s de EL PROPIETARI. Els materials tant gr\u00e0fics com escrits enviats pels usuaris a trav\u00e9s dels mitjans que es posen a la vostra disposici\u00f3 al lloc web s\u00f3n propietat de l&#8217;usuari que afirma en enviar-los la seva leg\u00edtima autoria i cedeix els drets de reproducci\u00f3 i distribuci\u00f3 al PROPIETARI.<\/p>\n<h2>Cinquena &#8211; Jurisdicci\u00f3 i llei aplicable<\/h2>\n<p>Aquestes condicions generals es regeixen per la legislaci\u00f3 espanyola. S\u00f3n competents per resoldre tota controv\u00e8rsia o conflicte que es derivi de les presents condicions generals, renunciant expressament l&#8217;USUARI a qualsevol altre fur que li pogu\u00e9s correspondre.<\/p>\n<h2>Sisena<\/h2>\n<p>En cas que qualsevol cl\u00e0usula del present document sigui declarada nul\u00b7la, les altres cl\u00e0usules continuaran vigents i s&#8217;interpretaran tenint en compte la voluntat de les parts i la finalitat mateixa de les presents condicions. EL PROPIETARI podr\u00e0 no exercitar algun dels drets i facultats conferits en aquest document, cosa que no implicar\u00e0 en cap cas la ren\u00fancia als mateixos llevat de reconeixement expr\u00e9s per part del PROPIETARI.<\/p>\n\t\t\t\t\t\t\t\t<\/div>\n\t\t\t\t<\/div>\n\t\t\t\t\t<\/div>\n\t\t\t\t<\/div>\n\t\t\t\t<\/div>\n\t\t","protected":false},"excerpt":{"rendered":"<p>www.clarasoteras.com Aquesta web www.clarasoteras.com \u00e9s propietat de Clara Soteras Acosta, amb DNI n\u00fam. 77624097V, domiciliat al Carrer Gran, 78, 08310 &#8211; Argentona (Barcelona), i amb e-mail hola@clarasoteras.com a disposici\u00f3 al seu lloc web www.clarasoteras.com determinats continguts de car\u00e0cter informatiu sobre les seves activitats. Les presents condicions generals regeixen \u00fanica i exclusivament l&#8217;\u00fas del lloc web [&hellip;]<\/p>\n","protected":false},"author":1,"featured_media":0,"parent":0,"menu_order":0,"comment_status":"closed","ping_status":"closed","template":"","meta":{"footnotes":""},"class_list":["post-1543","page","type-page","status-publish","hentry"],"yoast_head":"<!-- This site is optimized with the Yoast SEO plugin v27.4 - https:\/\/yoast.com\/product\/yoast-seo-wordpress\/ -->\n<title>Av\u00eds legal - Clara Soteras<\/title>\n<meta name=\"robots\" content=\"noindex, nofollow\" \/>\n<meta property=\"og:locale\" content=\"ca_ES\" \/>\n<meta property=\"og:type\" content=\"article\" \/>\n<meta property=\"og:title\" content=\"Av\u00eds legal - Clara Soteras\" \/>\n<meta property=\"og:description\" content=\"www.clarasoteras.com Aquesta web www.clarasoteras.com \u00e9s propietat de Clara Soteras Acosta, amb DNI n\u00fam. 77624097V, domiciliat al Carrer Gran, 78, 08310 &#8211; Argentona (Barcelona), i amb e-mail hola@clarasoteras.com a disposici\u00f3 al seu lloc web www.clarasoteras.com determinats continguts de car\u00e0cter informatiu sobre les seves activitats. Les presents condicions generals regeixen \u00fanica i exclusivament l&#8217;\u00fas del lloc web [&hellip;]\" \/>\n<meta property=\"og:url\" content=\"https:\/\/clarasoteras.com\/ca\/condicions-generals-dus-del-lloc-web\/\" \/>\n<meta property=\"og:site_name\" content=\"Clara Soteras\" \/>\n<meta property=\"article:modified_time\" content=\"2024-09-19T09:07:11+00:00\" \/>\n<meta property=\"og:image\" content=\"https:\/\/clarasoteras.com\/wp-content\/uploads\/2024\/09\/imagen-logo-clara-1200.jpg\" \/>\n\t<meta property=\"og:image:width\" content=\"1200\" \/>\n\t<meta property=\"og:image:height\" content=\"675\" \/>\n\t<meta property=\"og:image:type\" content=\"image\/jpeg\" \/>\n<meta name=\"twitter:card\" content=\"summary_large_image\" \/>\n<meta name=\"twitter:site\" content=\"@ClaraSoteras\" \/>\n<meta name=\"twitter:label1\" content=\"Temps estimat de lectura\" \/>\n\t<meta name=\"twitter:data1\" content=\"5 minuts\" \/>\n<script type=\"application\/ld+json\" class=\"yoast-schema-graph\">{\"@context\":\"https:\\\/\\\/schema.org\",\"@graph\":[{\"@type\":\"WebPage\",\"@id\":\"https:\\\/\\\/clarasoteras.com\\\/ca\\\/condicions-generals-dus-del-lloc-web\\\/\",\"url\":\"https:\\\/\\\/clarasoteras.com\\\/ca\\\/condicions-generals-dus-del-lloc-web\\\/\",\"name\":\"Av\u00eds legal - Clara Soteras\",\"isPartOf\":{\"@id\":\"https:\\\/\\\/clarasoteras.com\\\/ca\\\/#website\"},\"datePublished\":\"2024-09-12T08:03:23+00:00\",\"dateModified\":\"2024-09-19T09:07:11+00:00\",\"breadcrumb\":{\"@id\":\"https:\\\/\\\/clarasoteras.com\\\/ca\\\/condicions-generals-dus-del-lloc-web\\\/#breadcrumb\"},\"inLanguage\":\"ca\",\"potentialAction\":[{\"@type\":\"ReadAction\",\"target\":[\"https:\\\/\\\/clarasoteras.com\\\/ca\\\/condicions-generals-dus-del-lloc-web\\\/\"]}]},{\"@type\":\"BreadcrumbList\",\"@id\":\"https:\\\/\\\/clarasoteras.com\\\/ca\\\/condicions-generals-dus-del-lloc-web\\\/#breadcrumb\",\"itemListElement\":[{\"@type\":\"ListItem\",\"position\":1,\"name\":\"Inici\",\"item\":\"https:\\\/\\\/clarasoteras.com\\\/ca\\\/\"},{\"@type\":\"ListItem\",\"position\":2,\"name\":\"Av\u00eds legal\"}]},{\"@type\":\"WebSite\",\"@id\":\"https:\\\/\\\/clarasoteras.com\\\/ca\\\/#website\",\"url\":\"https:\\\/\\\/clarasoteras.com\\\/ca\\\/\",\"name\":\"Clara Soteras\",\"description\":\"Consultora SEO para Medios\",\"publisher\":{\"@id\":\"https:\\\/\\\/clarasoteras.com\\\/ca\\\/#\\\/schema\\\/person\\\/df3839c4a530026845115cc05ffa1f85\"},\"potentialAction\":[{\"@type\":\"SearchAction\",\"target\":{\"@type\":\"EntryPoint\",\"urlTemplate\":\"https:\\\/\\\/clarasoteras.com\\\/ca\\\/?s={search_term_string}\"},\"query-input\":{\"@type\":\"PropertyValueSpecification\",\"valueRequired\":true,\"valueName\":\"search_term_string\"}}],\"inLanguage\":\"ca\"},{\"@type\":[\"Person\",\"Organization\"],\"@id\":\"https:\\\/\\\/clarasoteras.com\\\/ca\\\/#\\\/schema\\\/person\\\/df3839c4a530026845115cc05ffa1f85\",\"name\":\"Clara Soteras\",\"image\":{\"@type\":\"ImageObject\",\"inLanguage\":\"ca\",\"@id\":\"https:\\\/\\\/clarasoteras.com\\\/wp-content\\\/uploads\\\/2024\\\/08\\\/favicon.png\",\"url\":\"https:\\\/\\\/clarasoteras.com\\\/wp-content\\\/uploads\\\/2024\\\/08\\\/favicon.png\",\"contentUrl\":\"https:\\\/\\\/clarasoteras.com\\\/wp-content\\\/uploads\\\/2024\\\/08\\\/favicon.png\",\"width\":512,\"height\":512,\"caption\":\"Clara Soteras\"},\"logo\":{\"@id\":\"https:\\\/\\\/clarasoteras.com\\\/wp-content\\\/uploads\\\/2024\\\/08\\\/favicon.png\"},\"description\":\"Clara Soteras es Consultora SEO y Estrategia Digital para distintos medios de comunicaci\u00f3n y empresas, incorporando la visi\u00f3n de producto a cualquier proyecto o negocio. Actualmente es Jefa de Innovaci\u00f3n y Estrategia Digital en AMIC, una asociaci\u00f3n de medios de informaci\u00f3n y comunicaci\u00f3n de proximidad con m\u00e1s de 600 asociados. Tambi\u00e9n es profesora asociada en la Universidad Aut\u00f3noma de Barcelona y profesora de SEO en medios en otras escuelas de negocio como Webpositer o KSchool y forma parte del panel de juces en distintos premios de b\u00fasqueda como los Global, European o los UK Search Awards y en premios de periodismo de organizaciones internacionales como Online News Association, WAN-IFRA y LION Publishers. Acaba de publicar el libro \u201cManual de instrucciones SEO para medios\u201d, editado por la newsletter Tendenci@s, disponible en formato impreso y digital. Y tambi\u00e9n una edici\u00f3n en ingl\u00e9s titulada \u201cSEO Playbook for News Publishers\u201d, un libro enfocado a la audiencia global. Es un libro que recoge todas las claves para trabajar el posicionamiento de contenidos en medios, tanto a nivel editorial como t\u00e9cnico, pensado para periodistas, editores y roles estrat\u00e9gicos de las redacciones.\",\"sameAs\":[\"https:\\\/\\\/clarasoteras.com\",\"https:\\\/\\\/www.instagram.com\\\/clara_soteras\\\/\",\"https:\\\/\\\/www.linkedin.com\\\/in\\\/clara-soteras-acosta\\\/\",\"https:\\\/\\\/x.com\\\/ClaraSoteras\",\"https:\\\/\\\/ca.wikipedia.org\\\/wiki\\\/Clara_Soteras_i_Acosta\"]}]}<\/script>\n<!-- \/ Yoast SEO plugin. -->","yoast_head_json":{"title":"Av\u00eds legal - Clara Soteras","robots":{"index":"noindex","follow":"nofollow"},"og_locale":"ca_ES","og_type":"article","og_title":"Av\u00eds legal - Clara Soteras","og_description":"www.clarasoteras.com Aquesta web www.clarasoteras.com \u00e9s propietat de Clara Soteras Acosta, amb DNI n\u00fam. 77624097V, domiciliat al Carrer Gran, 78, 08310 &#8211; Argentona (Barcelona), i amb e-mail hola@clarasoteras.com a disposici\u00f3 al seu lloc web www.clarasoteras.com determinats continguts de car\u00e0cter informatiu sobre les seves activitats. Les presents condicions generals regeixen \u00fanica i exclusivament l&#8217;\u00fas del lloc web [&hellip;]","og_url":"https:\/\/clarasoteras.com\/ca\/condicions-generals-dus-del-lloc-web\/","og_site_name":"Clara Soteras","article_modified_time":"2024-09-19T09:07:11+00:00","og_image":[{"width":1200,"height":675,"url":"https:\/\/clarasoteras.com\/wp-content\/uploads\/2024\/09\/imagen-logo-clara-1200.jpg","type":"image\/jpeg"}],"twitter_card":"summary_large_image","twitter_site":"@ClaraSoteras","twitter_misc":{"Temps estimat de lectura":"5 minuts"},"schema":{"@context":"https:\/\/schema.org","@graph":[{"@type":"WebPage","@id":"https:\/\/clarasoteras.com\/ca\/condicions-generals-dus-del-lloc-web\/","url":"https:\/\/clarasoteras.com\/ca\/condicions-generals-dus-del-lloc-web\/","name":"Av\u00eds legal - Clara Soteras","isPartOf":{"@id":"https:\/\/clarasoteras.com\/ca\/#website"},"datePublished":"2024-09-12T08:03:23+00:00","dateModified":"2024-09-19T09:07:11+00:00","breadcrumb":{"@id":"https:\/\/clarasoteras.com\/ca\/condicions-generals-dus-del-lloc-web\/#breadcrumb"},"inLanguage":"ca","potentialAction":[{"@type":"ReadAction","target":["https:\/\/clarasoteras.com\/ca\/condicions-generals-dus-del-lloc-web\/"]}]},{"@type":"BreadcrumbList","@id":"https:\/\/clarasoteras.com\/ca\/condicions-generals-dus-del-lloc-web\/#breadcrumb","itemListElement":[{"@type":"ListItem","position":1,"name":"Inici","item":"https:\/\/clarasoteras.com\/ca\/"},{"@type":"ListItem","position":2,"name":"Av\u00eds legal"}]},{"@type":"WebSite","@id":"https:\/\/clarasoteras.com\/ca\/#website","url":"https:\/\/clarasoteras.com\/ca\/","name":"Clara Soteras","description":"Consultora SEO para Medios","publisher":{"@id":"https:\/\/clarasoteras.com\/ca\/#\/schema\/person\/df3839c4a530026845115cc05ffa1f85"},"potentialAction":[{"@type":"SearchAction","target":{"@type":"EntryPoint","urlTemplate":"https:\/\/clarasoteras.com\/ca\/?s={search_term_string}"},"query-input":{"@type":"PropertyValueSpecification","valueRequired":true,"valueName":"search_term_string"}}],"inLanguage":"ca"},{"@type":["Person","Organization"],"@id":"https:\/\/clarasoteras.com\/ca\/#\/schema\/person\/df3839c4a530026845115cc05ffa1f85","name":"Clara Soteras","image":{"@type":"ImageObject","inLanguage":"ca","@id":"https:\/\/clarasoteras.com\/wp-content\/uploads\/2024\/08\/favicon.png","url":"https:\/\/clarasoteras.com\/wp-content\/uploads\/2024\/08\/favicon.png","contentUrl":"https:\/\/clarasoteras.com\/wp-content\/uploads\/2024\/08\/favicon.png","width":512,"height":512,"caption":"Clara Soteras"},"logo":{"@id":"https:\/\/clarasoteras.com\/wp-content\/uploads\/2024\/08\/favicon.png"},"description":"Clara Soteras es Consultora SEO y Estrategia Digital para distintos medios de comunicaci\u00f3n y empresas, incorporando la visi\u00f3n de producto a cualquier proyecto o negocio. Actualmente es Jefa de Innovaci\u00f3n y Estrategia Digital en AMIC, una asociaci\u00f3n de medios de informaci\u00f3n y comunicaci\u00f3n de proximidad con m\u00e1s de 600 asociados. Tambi\u00e9n es profesora asociada en la Universidad Aut\u00f3noma de Barcelona y profesora de SEO en medios en otras escuelas de negocio como Webpositer o KSchool y forma parte del panel de juces en distintos premios de b\u00fasqueda como los Global, European o los UK Search Awards y en premios de periodismo de organizaciones internacionales como Online News Association, WAN-IFRA y LION Publishers. Acaba de publicar el libro \u201cManual de instrucciones SEO para medios\u201d, editado por la newsletter Tendenci@s, disponible en formato impreso y digital. Y tambi\u00e9n una edici\u00f3n en ingl\u00e9s titulada \u201cSEO Playbook for News Publishers\u201d, un libro enfocado a la audiencia global. Es un libro que recoge todas las claves para trabajar el posicionamiento de contenidos en medios, tanto a nivel editorial como t\u00e9cnico, pensado para periodistas, editores y roles estrat\u00e9gicos de las redacciones.","sameAs":["https:\/\/clarasoteras.com","https:\/\/www.instagram.com\/clara_soteras\/","https:\/\/www.linkedin.com\/in\/clara-soteras-acosta\/","https:\/\/x.com\/ClaraSoteras","https:\/\/ca.wikipedia.org\/wiki\/Clara_Soteras_i_Acosta"]}]}},"_links":{"self":[{"href":"https:\/\/clarasoteras.com\/ca\/wp-json\/wp\/v2\/pages\/1543","targetHints":{"allow":["GET"]}}],"collection":[{"href":"https:\/\/clarasoteras.com\/ca\/wp-json\/wp\/v2\/pages"}],"about":[{"href":"https:\/\/clarasoteras.com\/ca\/wp-json\/wp\/v2\/types\/page"}],"author":[{"embeddable":true,"href":"https:\/\/clarasoteras.com\/ca\/wp-json\/wp\/v2\/users\/1"}],"replies":[{"embeddable":true,"href":"https:\/\/clarasoteras.com\/ca\/wp-json\/wp\/v2\/comments?post=1543"}],"version-history":[{"count":3,"href":"https:\/\/clarasoteras.com\/ca\/wp-json\/wp\/v2\/pages\/1543\/revisions"}],"predecessor-version":[{"id":1658,"href":"https:\/\/clarasoteras.com\/ca\/wp-json\/wp\/v2\/pages\/1543\/revisions\/1658"}],"wp:attachment":[{"href":"https:\/\/clarasoteras.com\/ca\/wp-json\/wp\/v2\/media?parent=1543"}],"curies":[{"name":"wp","href":"https:\/\/api.w.org\/{rel}","templated":true}]}}